{"id":18,"date":"2012-01-08T10:56:12","date_gmt":"2012-01-08T10:56:12","guid":{"rendered":"http:\/\/translations.ee\/mettest\/?page_id=18"},"modified":"2012-03-02T11:59:27","modified_gmt":"2012-03-02T09:59:27","slug":"%d0%ba%d0%be%d0%bd%d1%82%d0%b0%d0%ba%d1%82","status":"publish","type":"page","link":"http:\/\/asvehitus.ee\/rus\/%d0%ba%d0%be%d0%bd%d1%82%d0%b0%d0%ba%d1%82\/","title":{"rendered":"\u041a\u043e\u043d\u0442\u0430\u043a\u0442"},"content":{"rendered":"<h1>ASV Ehitust\u00f6\u00f6d O\u00dc<\/h1>\n<p>tel.: 5012938<\/p>\n<p><span style=\"color: #ff0000;\">email: asvehitus@gmail.com<br \/>\n<\/span><\/p>\n<p>&nbsp;<\/p>\n<p>&nbsp;<\/p>\n<p>Pae 25 &#8212; 23<\/p>\n<p>Tallinn 11414<\/p>\n<p>Harjumaa Eesti<\/p>\n<p>reg.nr 11460578<\/p>\n<p>&nbsp;<\/p>\n<p><iframe loading=\"lazy\" src=\"http:\/\/maps.google.com\/maps\/ms?msa=0&amp;msid=201391494476697899085.0004b6040524765db8784&amp;ie=UTF8&amp;ll=59.432932,24.811893&amp;spn=0,0&amp;t=m&amp;vpsrc=6&amp;output=embed\" frameborder=\"0\" marginwidth=\"0\" marginheight=\"0\" scrolling=\"no\" width=\"425\" height=\"350\"><\/iframe><br \/>\n<small>Ver <a style=\"color: #0000ff; text-align: left;\" href=\"http:\/\/maps.google.com\/maps\/ms?msa=0&amp;msid=201391494476697899085.0004b6040524765db8784&amp;ie=UTF8&amp;ll=59.432932,24.811893&amp;spn=0,0&amp;t=m&amp;vpsrc=6&amp;source=embed\">mapa<\/a> en un mapa m\u00e1s grande<\/small><\/p>\n","protected":false},"excerpt":{"rendered":"<p>ASV Ehitust\u00f6\u00f6d O\u00dc tel.: 5012938 email: asvehitus@gmail.com &nbsp; &nbsp; Pae 25 &#8212; 23 Tallinn 11414 Harjumaa Eesti reg.nr 11460578 &nbsp; Ver mapa en un mapa m\u00e1s grande<\/p>\n","protected":false},"author":1,"featured_media":0,"parent":0,"menu_order":0,"comment_status":"closed","ping_status":"open","template":"","meta":[],"_links":{"self":[{"href":"http:\/\/asvehitus.ee\/rus\/wp-json\/wp\/v2\/pages\/18"}],"collection":[{"href":"http:\/\/asvehitus.ee\/rus\/wp-json\/wp\/v2\/pages"}],"about":[{"href":"http:\/\/asvehitus.ee\/rus\/wp-json\/wp\/v2\/types\/page"}],"author":[{"embeddable":true,"href":"http:\/\/asvehitus.ee\/rus\/wp-json\/wp\/v2\/users\/1"}],"replies":[{"embeddable":true,"href":"http:\/\/asvehitus.ee\/rus\/wp-json\/wp\/v2\/comments?post=18"}],"version-history":[{"count":1,"href":"http:\/\/asvehitus.ee\/rus\/wp-json\/wp\/v2\/pages\/18\/revisions"}],"predecessor-version":[{"id":85,"href":"http:\/\/asvehitus.ee\/rus\/wp-json\/wp\/v2\/pages\/18\/revisions\/85"}],"wp:attachment":[{"href":"http:\/\/asvehitus.ee\/rus\/wp-json\/wp\/v2\/media?parent=18"}],"curies":[{"name":"wp","href":"https:\/\/api.w.org\/{rel}","templated":true}]}}