{"id":20,"date":"2012-01-08T10:59:16","date_gmt":"2012-01-08T10:59:16","guid":{"rendered":"http:\/\/translations.ee\/mettest\/?page_id=20"},"modified":"2020-07-08T11:54:21","modified_gmt":"2020-07-08T09:54:21","slug":"%d0%be-%d0%bd%d0%b0%d1%81","status":"publish","type":"page","link":"http:\/\/asvehitus.ee\/rus\/%d0%be-%d0%bd%d0%b0%d1%81\/","title":{"rendered":"\u041e \u043d\u0430\u0441"},"content":{"rendered":"<h2><strong>\u0423\u0432\u0430\u0436\u0430\u0435\u043c\u044b\u0439 \u0433\u043e\u0441\u0442\u044c!<\/strong><\/h2>\n<p>\u0420\u0430\u0434\u044b \u043f\u0440\u0438\u0432\u0435\u0442\u0441\u0442\u0432\u043e\u0432\u0430\u0442\u044c \u0412\u0430\u0441 \u043d\u0430 \u0441\u0430\u0439\u0442\u0435 \u043a\u043e\u043c\u043f\u0430\u043d\u0438\u0438 <strong>ASV EHITUST\u00d6\u00d6D O\u00dc<\/strong><\/p>\n<p>\u0420\u044b\u043d\u043e\u043a \u043c\u0435\u0442\u0430\u043b\u043b\u043e\u043a\u043e\u043d\u0441\u0442\u0440\u0443\u043a\u0446\u0438\u0439 \u0438 \u0444\u043e\u0440\u043c \u043c\u0430\u043b\u043e\u0439 \u0430\u0440\u0445\u0438\u0442\u0435\u043a\u0442\u0443\u0440\u044b \u0448\u0438\u0440\u043e\u043a,\u00a0 \u0440\u0430\u0437\u0432\u0438\u0432\u0430\u0435\u0442\u0441\u044f, \u043d\u043e \u043d\u0435\u0441\u043c\u043e\u0442\u0440\u044f \u043d\u0430 \u044d\u0442\u043e, \u0442\u0440\u0443\u0434\u043d\u043e \u0432\u044b\u0431\u0440\u0430\u0442\u044c \u043f\u043e\u0434\u0445\u043e\u0434\u044f\u0449\u0435\u0435 \u0438\u0437\u0434\u0435\u043b\u0438\u0435.<\/p>\n<p>\u0424\u0438\u0440\u043c\u0430 ASV \u0441\u0443\u0449\u0435\u0441\u0442\u0432\u0443\u0435\u0442 \u0443\u0436\u0435 \u0431\u043e\u043b\u0435\u0435 12 \u043b\u0435\u0442. \u041d\u0430\u0448\u0430 \u043f\u0440\u043e\u0434\u0443\u043a\u0446\u0438\u044f \u043e\u0447\u0435\u043d\u044c \u043f\u043e\u043f\u0443\u043b\u044f\u0440\u043d\u0430, \u0442.\u043a. \u043f\u0440\u0438 \u0434\u043e\u0441\u0442\u0443\u043f\u043d\u043e\u0439 \u0441\u0442\u043e\u0438\u043c\u043e\u0441\u0442\u0438 \u0438\u043c\u0435\u0435\u0442 \u043e\u0447\u0435\u043d\u044c \u0432\u044b\u0441\u043e\u043a\u0438\u0435 \u0445\u0430\u0440\u0430\u043a\u0442\u0435\u0440\u0438\u0441\u0442\u0438\u043a\u0438.<\/p>\n<p style=\"text-align: center;\"><strong>\u041d\u0435\u043c\u043d\u043e\u0433\u043e \u0438\u0441\u0442\u043e\u0440\u0438\u0438.<\/strong><\/p>\n<p>1999 \u0433\u043e\u0434. \u041e\u0442\u043a\u0440\u044b\u0442\u043e \u043c\u0430\u043b\u043e\u0435 \u043f\u0440\u0435\u0434\u043f\u0440\u0438\u044f\u0442\u0438\u0435 \u043f\u043e \u0438\u0437\u0433\u043e\u0442\u043e\u0432\u043b\u0435\u043d\u0438\u044e \u043c\u0435\u0442\u0430\u043b\u043b\u043e\u043a\u043e\u043d\u0441\u0442\u0440\u0443\u043a\u0446\u0438\u0439.<br \/>\n\u0412 \u0442\u043e\u0442 \u0433\u043e\u0434 \u0441\u0442\u0430\u043b\u043e \u044f\u0441\u043d\u043e, \u0447\u0442\u043e \u043d\u0430\u0448\u0430 \u043f\u0440\u043e\u0434\u0443\u043a\u0446\u0438\u044f \u0443\u0441\u0442\u0440\u0430\u0438\u0432\u0430\u0435\u0442 \u0432\u0441\u0435\u0445 \u043f\u043e\u0442\u0440\u0435\u0431\u0438\u0442\u0435\u043b\u0435\u0439, \u0441\u0434\u0435\u043b\u0430\u0432\u0448\u0438\u0445 \u0437\u0430\u043a\u0430\u0437\u044b. \u041c\u0435\u0442\u0430\u043b\u043b\u043e\u043a\u043e\u043d\u0441\u0442\u0440\u0443\u043a\u0446\u0438\u0438, \u0438\u0437\u0433\u043e\u0442\u043e\u0432\u043b\u0435\u043d\u043d\u044b\u0435 \u0432 \u043d\u0430\u0448\u0435\u0439 \u0444\u0438\u0440\u043c\u0435 \u044f\u0432\u043b\u044f\u043b\u0438\u0441\u044c \u043e\u0434\u043d\u0438\u043c\u0438 \u0438\u0437 \u0441\u0430\u043c\u044b\u0445 \u043b\u0443\u0447\u0448\u0438\u0445 \u0438 \u043c\u0435\u043d\u0435\u0435 \u0434\u043e\u0440\u043e\u0433\u043e\u0441\u0442\u043e\u044f\u0449\u0438\u0445 \u0438\u0437 \u043f\u0440\u0435\u0434\u0441\u0442\u0430\u0432\u043b\u0435\u043d\u043d\u044b\u0445 \u043d\u0430 \u0440\u044b\u043d\u043a\u0435 \u0432 \u0442\u043e\u0442 \u043c\u043e\u043c\u0435\u043d\u0442.<\/p>\n<p>&nbsp;<\/p>\n<p style=\"text-align: center;\"><a href=\"http:\/\/asvehitus.ee\/rus\/wp-content\/uploads\/2012\/01\/dver1.jpg\"><img decoding=\"async\" loading=\"lazy\" class=\"size-medium wp-image-24 aligncenter\" style=\"margin-top: 5px; margin-bottom: 5px;\" title=\"dver1\" src=\"http:\/\/asvehitus.ee\/rus\/wp-content\/uploads\/2012\/01\/dver1-146x300.jpg\" alt=\"\" width=\"146\" height=\"300\" srcset=\"http:\/\/asvehitus.ee\/rus\/wp-content\/uploads\/2012\/01\/dver1-146x300.jpg 146w, http:\/\/asvehitus.ee\/rus\/wp-content\/uploads\/2012\/01\/dver1.jpg 217w\" sizes=\"(max-width: 146px) 100vw, 146px\" \/><\/a><\/p>\n<p style=\"text-align: center;\"><strong>\u041e\u0431\u0440\u0430\u0437\u0435\u0446 \u043f\u0435\u0440\u0432\u043e\u0439 \u043f\u0430\u0440\u0442\u0438\u0438 \u043f\u0440\u043e\u0434\u0443\u043a\u0446\u0438\u0438,\u00a0 \u0443\u0441\u043f\u0435\u0448\u043d\u043e \u043f\u0440\u043e\u0434\u0430\u0432\u0430\u0435\u043c\u044b\u0439 \u0434\u043e \u0441\u0438\u0445 \u043f\u043e\u0440(\u043d\u0430\u0441\u0442\u043e\u044f\u0449\u0435\u0433\u043e \u0432\u0440\u0435\u043c\u0435\u043d\u0438).<\/strong><\/p>\n<p>\u0412 2008 \u0433\u043e\u0434\u0443 \u043f\u0440\u0435\u0434\u043f\u0440\u0438\u044f\u0442\u0438\u0435 \u043f\u0435\u0440\u0435\u0438\u043c\u0435\u043d\u043e\u0432\u0430\u043d\u043e \u0432 <strong>ASV EHITUST\u00d6\u00d6D O\u00dc.<\/strong><br \/>\n\u0412 \u0442\u043e\u043c \u0436\u0435 \u0433\u043e\u0434\u0443 \u043f\u0440\u0438\u0448\u043b\u043e\u0441\u044c \u0434\u043e\u043f\u043e\u043b\u043d\u0438\u0442\u0435\u043b\u044c\u043d\u043e \u043d\u0430\u043d\u044f\u0442\u044c \u0433\u0440\u0430\u043c\u043e\u0442\u043d\u044b\u0445 \u0441\u043f\u0435\u0446\u0438\u0430\u043b\u0438\u0441\u0442\u043e\u0432, \u0443\u0432\u0435\u043b\u0438\u0447\u0438\u0442\u044c \u043a\u043e\u043b\u0438\u0447\u0435\u0441\u0442\u0432\u043e \u0440\u0430\u0431\u043e\u0442\u043d\u0438\u043a\u043e\u0432 \u0438 \u043f\u0435\u0440\u0435\u0439\u0442\u0438 \u043d\u0430 \u0431\u043e\u043b\u0435\u0435 \u043f\u0440\u043e\u0433\u0440\u0435\u0441\u0441\u0438\u0432\u043d\u044b\u0435 \u0442\u0435\u0445\u043d\u043e\u043b\u043e\u0433\u0438\u0438. \u0411\u043b\u0430\u0433\u043e\u0434\u0430\u0440\u044f \u044d\u0442\u043e\u043c\u0443 \u0444\u0438\u0440\u043c\u0430 \u043f\u0435\u0440\u0435\u0448\u043b\u0430 \u043d\u0430 \u0441\u043e\u0432\u0435\u0440\u0448\u0435\u043d\u043d\u043e \u043d\u043e\u0432\u044b\u0439 \u0443\u0440\u043e\u0432\u0435\u043d\u044c \u0432\u044b\u043f\u0443\u0441\u043a\u0430\u0435\u043c\u043e\u0439 \u043f\u0440\u043e\u0434\u0443\u043a\u0446\u0438\u0438.<br \/>\n\u0412 \u0446\u0435\u043b\u044f\u0445 \u0441\u043d\u0438\u0436\u0435\u043d\u0438\u044f \u0437\u0430\u0442\u0440\u0430\u0442 \u043f\u043e\u0442\u0440\u0435\u0431\u0438\u0442\u0435\u043b\u044f \u0431\u044b\u043b\u043e \u0440\u0435\u0448\u0435\u043d\u043e \u0437\u0430\u043a\u0443\u043f\u0438\u0442 \u043d\u043e\u0432\u043e\u0435 \u043e\u0431\u043e\u0440\u0443\u0434\u043e\u0432\u0430\u043d\u0438\u0435, \u043a\u043e\u0442\u043e\u0440\u043e\u0435 \u0437\u043d\u0430\u0447\u0438\u0442\u0435\u043b\u044c\u043d\u043e \u0443\u043c\u0435\u043d\u044c\u0448\u0438\u043b\u043e \u0441\u0442\u043e\u0438\u043c\u043e\u0441\u0442\u044c \u043f\u0440\u043e\u0434\u0443\u043a\u0442\u0430.<br \/>\n\u042d\u0442\u043e\u0442 \u043f\u0440\u043e\u0446\u0435\u0441\u0441 \u043c\u044b \u043d\u0435 \u043e\u0441\u0442\u0430\u043d\u0430\u0432\u043b\u0438\u0432\u0430\u0435\u043c \u0438 \u0434\u043e \u0441\u0435\u0433\u043e\u0434\u043d\u044f\u0448\u043d\u0435\u0433\u043e \u043c\u043e\u043c\u0435\u043d\u0442\u0430, \u0447\u0442\u043e \u043f\u043e\u0437\u0432\u043e\u043b\u044f\u0435\u0442 \u0433\u043e\u0434 \u043e\u0442 \u0433\u043e\u0434\u0430 \u043f\u043e\u0432\u044b\u0448\u0430\u0442\u044c \u043a\u0430\u0447\u0435\u0441\u0442\u0432\u043e \u043e\u0431\u0441\u043b\u0443\u0436\u0438\u0432\u0430\u043d\u0438\u044f \u043f\u043e\u0442\u0440\u0435\u0431\u0438\u0442\u0435\u043b\u044f.<\/p>\n<p>\u041d\u0435 \u043f\u0440\u043e\u0441\u0442\u043e \u0431\u044b\u0442\u044c \u0443\u0441\u043f\u0435\u0448\u043d\u044b\u043c , \u043d\u043e \u043d\u0435\u0441\u043c\u043e\u0442\u0440\u044f \u043d\u0430 \u0442\u0440\u0443\u0434\u043d\u043e\u0441\u0442\u0438, \u043d\u0430\u043c \u0443\u0434\u0430\u0435\u0442\u0441\u044f \u044d\u0442\u043e \u0443\u0436 \u043a\u043e\u0442\u043e\u0440\u044b\u0439 \u0433\u043e\u0434.<br \/>\n\u0412 \u0440\u0430\u0437\u043d\u044b\u0435 \u0433\u043e\u0434\u044b \u0432 \u0447\u0438\u0441\u043b\u0435 \u043d\u0430\u0448\u0438\u0445 \u043a\u043b\u0438\u0435\u043d\u0442\u043e\u0432 \u0431\u044b\u043b\u0438 \u043d\u0435 \u0442\u043e\u043b\u044c\u043a\u043e \u0447\u0430\u0441\u0442\u043d\u044b\u0435 \u0437\u0430\u043a\u0430\u0437\u0447\u0438\u043a\u0438, \u043a\u0432\u0430\u0440\u0442\u0438\u0440\u043d\u044b\u0435 \u0442\u043e\u0432\u0430\u0440\u0438\u0449\u0435\u0441\u0442\u0432\u0430 \u0438 \u0441\u0430\u0434\u043e\u0432\u044b\u0435 \u043a\u043e\u043e\u043f\u0435\u0440\u0430\u0442\u0438\u0432\u044b, \u043d\u043e \u0438 \u0431\u043e\u043b\u0435\u0435 \u043a\u0440\u0443\u043f\u043d\u044b\u0435 \u0437\u0430\u043a\u0430\u0437\u0447\u0438\u043a\u0438 .<\/p>\n<h4 style=\"text-align: center;\"><a href=\"http:\/\/asvehitus.ee\/rus\/wp-content\/uploads\/2012\/01\/dver2.jpg\"><img decoding=\"async\" loading=\"lazy\" class=\"aligncenter size-full wp-image-28\" title=\"dver2\" src=\"http:\/\/asvehitus.ee\/rus\/wp-content\/uploads\/2012\/01\/dver2.jpg\" alt=\"\" width=\"259\" height=\"194\" \/><\/a><\/h4>\n<h4 style=\"text-align: center;\">\u041c\u0435\u0442\u0430\u043b\u043b\u0438\u0447\u0435\u0441\u043a\u0438\u0435 \u0434\u0432\u0435\u0440\u0438 \u043f\u043e\u0434\u044a\u0435\u0437\u0434\u0430<\/h4>\n<p>\u041c\u0435\u0442\u0430\u043b\u043b\u043e\u043a\u043e\u043d\u0441\u0442\u0440\u0443\u043a\u0446\u0438\u0438 ( \u0434\u0432\u0435\u0440\u0438 \u043a\u0432\u0430\u0440\u0442\u0438\u0440, \u043f\u043e\u0434\u044a\u0435\u0437\u0434\u043e\u0432 \u0438 \u0447\u0430\u0441\u0442\u043d\u044b\u0445 \u0434\u043e\u043c\u043e\u0432, \u043c\u0435\u0442\u0430\u043b\u043b\u0438\u0447\u0435\u0441\u043a\u0438\u0435 \u043e\u0433\u0440\u0430\u0436\u0434\u0435\u043d\u0438\u044f \u0438 \u0437\u0430\u0431\u043e\u0440\u044b, \u043b\u0435\u0441\u0442\u043d\u0438\u0446\u044b \u0438 \u0442.\u0434. ) \u0434\u043b\u044f \u043b\u044e\u0434\u0435\u0439 \u043f\u0440\u043e\u0436\u0438\u0432\u0430\u044e\u0449\u0438\u0445 \u0432 \u0433\u043e\u0440\u043e\u0434\u0435, \u0438 \u0437\u0430 \u0435\u0433\u043e \u043f\u0440\u0435\u0434\u0435\u043b\u0430\u043c\u0438, \u0434\u043b\u044f \u0442\u0435\u0445 \u043a\u0442\u043e \u043b\u044e\u0431\u0438\u0442 \u043f\u0440\u043e\u0432\u043e\u0434\u0438\u0442\u044c \u0432\u044b\u0445\u043e\u0434\u043d\u044b\u0435 \u0434\u043d\u0438 \u043d\u0430 \u0434\u0430\u0447\u043d\u044b\u0445 \u0443\u0447\u0430\u0441\u0442\u043a\u0430\u0445, \u0434\u043e\u043b\u0436\u0435\u043d \u0431\u044b\u0442\u044c \u043d\u0430\u0434\u0435\u0436\u043d\u044b\u043c, \u044d\u0444\u0444\u0435\u043a\u0442\u0438\u0432\u043d\u044b\u043c, \u043d\u0435\u0434\u043e\u0440\u043e\u0433\u0438\u043c, \u0443\u0434\u043e\u0431\u043d\u044b\u043c. \u0412\u0441\u0435\u043c\u0438 \u044d\u0442\u0438\u043c\u0438 \u043a\u0430\u0447\u0435\u0441\u0442\u0432\u0430\u043c\u0438 \u0441\u0440\u0435\u0434\u0438 \u043c\u043d\u043e\u0433\u0438\u0445 \u0438\u0437\u0434\u0435\u043b\u0438\u0439\u00a0 \u0432 \u043f\u043e\u043b\u043d\u043e\u0439 \u043c\u0435\u0440\u0435 \u043e\u0431\u043b\u0430\u0434\u0430\u044e\u0442 \u0438\u0437\u0434\u0435\u043b\u0438\u044f \u043d\u0430\u0448\u0435\u0439 \u0444\u0438\u0440\u043c\u044b.<\/p>\n<p style=\"text-align: center;\"><a href=\"http:\/\/asvehitus.ee\/rus\/wp-content\/uploads\/2012\/01\/kastid11.jpg\"><img decoding=\"async\" loading=\"lazy\" class=\"aligncenter size-full wp-image-33\" style=\"margin-top: 5px; margin-bottom: 5px;\" title=\"kastid1\" src=\"http:\/\/asvehitus.ee\/rus\/wp-content\/uploads\/2012\/01\/kastid11.jpg\" alt=\"\" width=\"251\" height=\"200\" \/><\/a><\/p>\n<p style=\"text-align: center;\"><strong>\u041f\u043e\u0447\u0442\u043e\u0432\u044b\u0435 \u044f\u0449\u0438\u043a\u0438<\/strong><\/p>\n<p>\u041d\u0430 \u0441\u0435\u0433\u043e\u0434\u043d\u044f \u043f\u043e\u043b\u043d\u043e\u0441\u0442\u044c\u044e \u0438\u0437\u043c\u0435\u043d\u0438\u043b\u0430\u0441\u044c \u0441\u0438\u0442\u0443\u0430\u0446\u0438\u044f \u0441 \u0430\u0441\u0441\u043e\u0440\u0442\u0438\u043c\u0435\u043d\u0442\u043e\u043c. \u0415\u0441\u043b\u0438 \u0432 \u043d\u0430\u0447\u0430\u043b\u0435 \u043d\u0430\u0448\u0435\u0439 \u0434\u0435\u044f\u0442\u0435\u043b\u044c\u043d\u043e\u0441\u0442\u0438, \u043c\u044b \u043e\u0440\u0438\u0435\u043d\u0442\u0438\u0440\u043e\u0432\u0430\u043b\u0438\u0441\u044c \u0442\u043e\u043b\u044c\u043a\u043e \u043d\u0430 \u0438\u0437\u0433\u043e\u0442\u043e\u0432\u043b\u0435\u043d\u0438\u0435 \u0434\u0432\u0435\u0440\u0435\u0439, \u0442\u043e \u0442\u0435\u043f\u0435\u0440\u044c \u043c\u044b \u0432\u044b\u043f\u0443\u0441\u043a\u0430\u0435\u043c \u0442\u0430\u043a\u0436\u0435 \u0438 \u043f\u043e\u0447\u0442\u043e\u0432\u044b\u0435 \u044f\u0449\u0438\u043a\u0438, \u0434\u043e\u0441\u043a\u0438 \u043e\u0431\u044a\u044f\u0432\u043b\u0435\u043d\u0438\u0439, \u043f\u043e\u0434\u044a\u0435\u0437\u0434\u043d\u044b\u0435 \u043a\u043e\u0437\u044b\u0440\u044c\u043a\u0438, \u043c\u0435\u0442\u0430\u043b\u043b\u0438\u0447\u0435\u0441\u043a\u0438\u0435 \u0440\u0435\u0448\u0435\u0442\u043a\u0438 \u043d\u0430 \u043e\u043a\u043d\u0430, \u043f\u0435\u0440\u0438\u043b\u0430 \u0438 \u043e\u0433\u0440\u0430\u0436\u0434\u0435\u043d\u0438\u044f, \u0443\u0441\u0442\u0430\u043d\u0430\u0432\u043b\u0438\u0432\u0430\u0435\u043c \u0438 \u043e\u0431\u0441\u043b\u0443\u0436\u0438\u0432\u0430\u0435\u043c \u0434\u043e\u043c\u043e\u0444\u043e\u043d\u043d\u044b\u0435 \u0441\u0438\u0441\u0442\u0435\u043c\u044b, \u043f\u0440\u043e\u0438\u0437\u0432\u043e\u0434\u0438\u043c \u043e\u0442\u0434\u0435\u043b\u043a\u0443 \u043b\u0438\u0444\u0442\u043e\u0432.<\/p>\n<p>\u041c\u044b \u043d\u0435 \u043f\u0440\u0435\u043a\u0440\u0430\u0449\u0430\u0435\u043c \u0441\u043e\u0442\u0440\u0443\u0434\u043d\u0438\u0447\u0435\u0441\u0442\u0432\u043e \u0441 \u043a\u043b\u0438\u0435\u043d\u0442\u043e\u043c \u043f\u043e\u0441\u043b\u0435 \u043f\u043e\u043b\u0443\u0447\u0435\u043d\u0438\u044f \u0437\u0430\u043a\u0430\u0437\u0430. \u0411\u0435\u0441\u043f\u043b\u0430\u0442\u043d\u043e\u0435 \u0433\u0430\u0440\u0430\u043d\u0442\u0438\u0439\u043d\u043e\u0435 \u043e\u0431\u0441\u043b\u0443\u0436\u0438\u0432\u0430\u043d\u0438\u0435, \u0438\u0437\u043c\u0435\u043d\u0435\u043d\u0438\u0435 \u043a\u043e\u043d\u0441\u0442\u0440\u0443\u043a\u0446\u0438\u0438 \u0438 \u0443\u0441\u0442\u0440\u0430\u043d\u0435\u043d\u0438\u0435 \u0442\u0435\u0445\u043d\u043e\u043b\u043e\u0433\u0442\u0447\u0435\u0441\u043a\u0438\u0445 \u043d\u0435\u0434\u043e\u0440\u0430\u0431\u043e\u0442\u043e\u043a \u044f\u0432\u043b\u044f\u0435\u0442\u0441\u044f \u043d\u0430\u0448\u0438\u043c \u0434\u043e\u043b\u0433\u043e\u043c \u043f\u0435\u0440\u0435\u0434 \u043a\u043b\u0438\u0435\u043d\u0442\u043e\u043c.<br \/>\n\u041d\u0430\u0448\u0438 \u043f\u043e\u0441\u0442\u043e\u044f\u043d\u043d\u044b\u0435 \u043a\u043b\u0438\u0435\u043d\u0442\u044b \u0438\u043c\u0435\u044e\u0442 \u0432\u043e\u0437\u043c\u043e\u0436\u043d\u043e\u0441\u0442\u044c \u0437\u0430\u043a\u0440\u0435\u043f\u0438\u0442\u044c \u0437\u0430 \u0441\u043e\u0431\u043e\u0439 \u0437\u043d\u0430\u0447\u0438\u0442\u0435\u043b\u044c\u043d\u0443\u044e \u0441\u043a\u0438\u0434\u043a\u0443 \u043d\u0430 \u0432\u0441\u0435 \u043f\u043e\u0441\u043b\u0435\u0434\u0443\u044e\u0449\u0438\u0435 \u0437\u0430\u043a\u0430\u0437\u044b.<\/p>\n","protected":false},"excerpt":{"rendered":"<p>\u0423\u0432\u0430\u0436\u0430\u0435\u043c\u044b\u0439 \u0433\u043e\u0441\u0442\u044c! \u0420\u0430\u0434\u044b \u043f\u0440\u0438\u0432\u0435\u0442\u0441\u0442\u0432\u043e\u0432\u0430\u0442\u044c \u0412\u0430\u0441 \u043d\u0430 \u0441\u0430\u0439\u0442\u0435 \u043a\u043e\u043c\u043f\u0430\u043d\u0438\u0438 ASV EHITUST\u00d6\u00d6D O\u00dc \u0420\u044b\u043d\u043e\u043a \u043c\u0435\u0442\u0430\u043b\u043b\u043e\u043a\u043e\u043d\u0441\u0442\u0440\u0443\u043a\u0446\u0438\u0439 \u0438 \u0444\u043e\u0440\u043c \u043c\u0430\u043b\u043e\u0439 \u0430\u0440\u0445\u0438\u0442\u0435\u043a\u0442\u0443\u0440\u044b \u0448\u0438\u0440\u043e\u043a,\u00a0 \u0440\u0430\u0437\u0432\u0438\u0432\u0430\u0435\u0442\u0441\u044f, \u043d\u043e \u043d\u0435\u0441\u043c\u043e\u0442\u0440\u044f \u043d\u0430 \u044d\u0442\u043e, \u0442\u0440\u0443\u0434\u043d\u043e \u0432\u044b\u0431\u0440\u0430\u0442\u044c \u043f\u043e\u0434\u0445\u043e\u0434\u044f\u0449\u0435\u0435 \u0438\u0437\u0434\u0435\u043b\u0438\u0435. \u0424\u0438\u0440\u043c\u0430 ASV \u0441\u0443\u0449\u0435\u0441\u0442\u0432\u0443\u0435\u0442 \u0443\u0436\u0435 \u0431\u043e\u043b\u0435\u0435 12 \u043b\u0435\u0442. \u041d\u0430\u0448\u0430 \u043f\u0440\u043e\u0434\u0443\u043a\u0446\u0438\u044f \u043e\u0447\u0435\u043d\u044c \u043f\u043e\u043f\u0443\u043b\u044f\u0440\u043d\u0430, \u0442.\u043a. \u043f\u0440\u0438 &hellip; <a href=\"http:\/\/asvehitus.ee\/rus\/%d0%be-%d0%bd%d0%b0%d1%81\/\">Continue reading <span class=\"meta-nav\">&rarr;<\/span><\/a><\/p>\n","protected":false},"author":1,"featured_media":0,"parent":0,"menu_order":0,"comment_status":"closed","ping_status":"open","template":"","meta":[],"_links":{"self":[{"href":"http:\/\/asvehitus.ee\/rus\/wp-json\/wp\/v2\/pages\/20"}],"collection":[{"href":"http:\/\/asvehitus.ee\/rus\/wp-json\/wp\/v2\/pages"}],"about":[{"href":"http:\/\/asvehitus.ee\/rus\/wp-json\/wp\/v2\/types\/page"}],"author":[{"embeddable":true,"href":"http:\/\/asvehitus.ee\/rus\/wp-json\/wp\/v2\/users\/1"}],"replies":[{"embeddable":true,"href":"http:\/\/asvehitus.ee\/rus\/wp-json\/wp\/v2\/comments?post=20"}],"version-history":[{"count":5,"href":"http:\/\/asvehitus.ee\/rus\/wp-json\/wp\/v2\/pages\/20\/revisions"}],"predecessor-version":[{"id":174,"href":"http:\/\/asvehitus.ee\/rus\/wp-json\/wp\/v2\/pages\/20\/revisions\/174"}],"wp:attachment":[{"href":"http:\/\/asvehitus.ee\/rus\/wp-json\/wp\/v2\/media?parent=20"}],"curies":[{"name":"wp","href":"https:\/\/api.w.org\/{rel}","templated":true}]}}